{"id":435,"date":"2026-02-08T20:25:45","date_gmt":"2026-02-08T20:25:45","guid":{"rendered":"https:\/\/gullkaup.webdev.is\/my-account\/"},"modified":"2026-03-29T19:57:01","modified_gmt":"2026-03-29T19:57:01","slug":"my-account","status":"publish","type":"page","link":"https:\/\/gullkaup.is\/en\/my-account\/","title":{"rendered":"Minn a\u00f0gangur"},"content":{"rendered":"<div data-elementor-type=\"wp-page\" data-elementor-id=\"435\" class=\"elementor elementor-435\" data-elementor-post-type=\"page\">\n\t\t\t\t<div class=\"elementor-element elementor-element-e67995c e-flex e-con-boxed e-con e-parent\" data-id=\"e67995c\" data-element_type=\"container\" data-e-type=\"container\">\n\t\t\t\t\t<div class=\"e-con-inner\">\n\t\t<div class=\"elementor-element elementor-element-5aa8ac9 e-con-full e-flex e-con e-child\" data-id=\"5aa8ac9\" data-element_type=\"container\" data-e-type=\"container\" data-settings=\"{&quot;background_background&quot;:&quot;classic&quot;}\">\n\t\t\t\t<div class=\"elementor-element elementor-element-6a889f9 elementor-widget-mobile__width-initial elementor-widget elementor-widget-heading\" data-id=\"6a889f9\" data-element_type=\"widget\" data-e-type=\"widget\" data-widget_type=\"heading.default\">\n\t\t\t\t\t<h2 class=\"elementor-heading-title elementor-size-default\">M\u00edn s\u00ed\u00f0a hj\u00e1 Gullkaup<\/h2>\t\t\t\t<\/div>\n\t\t<div class=\"elementor-element elementor-element-89067da e-con-full e-flex e-con e-child\" data-id=\"89067da\" data-element_type=\"container\" data-e-type=\"container\">\n\t\t<div class=\"elementor-element elementor-element-96a710d e-con-full e-flex e-con e-child\" data-id=\"96a710d\" data-element_type=\"container\" data-e-type=\"container\">\n\t\t\t\t<div class=\"elementor-element elementor-element-44df7d6 elementor-author-box--layout-image-above elementor-author-box--align-center elementor-author-box--avatar-yes elementor-author-box--name-yes elementor-author-box--biography-yes elementor-author-box--link-no elementor-widget elementor-widget-author-box\" data-id=\"44df7d6\" data-element_type=\"widget\" data-e-type=\"widget\" data-widget_type=\"author-box.default\">\n\t\t\t\t\t\t\t<div class=\"elementor-author-box\">\n\t\t\t\t\t\t\t<div  class=\"elementor-author-box__avatar\">\n\t\t\t\t\t<img decoding=\"async\" src=\"https:\/\/secure.gravatar.com\/avatar\/a84397e1974b13d44a4bfc3534f9de41af3b115dbc2198e7aff0f1eff9e6a106?s=300&#038;d=mm&#038;r=g\" alt=\"Picture of admin\" loading=\"lazy\">\n\t\t\t\t<\/div>\n\t\t\t\n\t\t\t<div class=\"elementor-author-box__text\">\n\t\t\t\t\t\t\t\t\t<div >\n\t\t\t\t\t\t<h4 class=\"elementor-author-box__name\">\n\t\t\t\t\t\t\tadmin\t\t\t\t\t\t<\/h4>\n\t\t\t\t\t<\/div>\n\t\t\t\t\n\t\t\t\t\t\t\t\t\t<div class=\"elementor-author-box__bio\">\n\t\t\t\t\t\t\t\t\t\t\t<\/div>\n\t\t\t\t\n\t\t\t\t\t\t\t<\/div>\n\t\t<\/div>\n\t\t\t\t\t\t<\/div>\n\t\t\t\t<\/div>\n\t\t\t\t<div class=\"elementor-element elementor-element-99da891 e-my-account-tabs-horizontal elementor-widget elementor-widget-woocommerce-my-account\" data-id=\"99da891\" data-element_type=\"widget\" data-e-type=\"widget\" data-settings=\"{&quot;customize_dashboard_check&quot;:&quot;yes&quot;}\" data-widget_type=\"woocommerce-my-account.default\">\n\t\t\t\t\t<div class=\"e-my-account-tab e-my-account-tab__\">\t\t\t<div class=\"woocommerce\"><\/div>\t\t<\/div>\n\t\t\t\t\t\t<\/div>\n\t\t\t\t<\/div>\n\t\t\t\t<\/div>\n\t\t\t\t\t<\/div>\n\t\t\t\t<\/div>\n\t\t\t\t<\/div>","protected":false},"excerpt":{"rendered":"<p>M\u00edn s\u00ed\u00f0a hj\u00e1 Gullkaup Stj\u00f3rnbor\u00f0 Pantanir Ni\u00f0urhal Heimilsif\u00f6ng Uppl\u00fdsingar Skr\u00e1 \u00fat Stj\u00f3rnbor\u00f0 Pantanir Ni\u00f0urhal Heimilsif\u00f6ng Uppl\u00fdsingar Skr\u00e1 \u00fat Hello admin (not admin? Log out) From your account dashboard you can view your recent orders, manage your shipping and billing addresses, and edit your password and account details.<\/p>","protected":false},"author":1,"featured_media":0,"parent":0,"menu_order":0,"comment_status":"closed","ping_status":"closed","template":"","meta":{"footnotes":""},"class_list":["post-435","page","type-page","status-publish","hentry"],"_links":{"self":[{"href":"https:\/\/gullkaup.is\/en\/wp-json\/wp\/v2\/pages\/435","targetHints":{"allow":["GET"]}}],"collection":[{"href":"https:\/\/gullkaup.is\/en\/wp-json\/wp\/v2\/pages"}],"about":[{"href":"https:\/\/gullkaup.is\/en\/wp-json\/wp\/v2\/types\/page"}],"author":[{"embeddable":true,"href":"https:\/\/gullkaup.is\/en\/wp-json\/wp\/v2\/users\/1"}],"replies":[{"embeddable":true,"href":"https:\/\/gullkaup.is\/en\/wp-json\/wp\/v2\/comments?post=435"}],"version-history":[{"count":50,"href":"https:\/\/gullkaup.is\/en\/wp-json\/wp\/v2\/pages\/435\/revisions"}],"predecessor-version":[{"id":920,"href":"https:\/\/gullkaup.is\/en\/wp-json\/wp\/v2\/pages\/435\/revisions\/920"}],"wp:attachment":[{"href":"https:\/\/gullkaup.is\/en\/wp-json\/wp\/v2\/media?parent=435"}],"curies":[{"name":"wp","href":"https:\/\/api.w.org\/{rel}","templated":true}]}}