{"id":7,"date":"2026-01-29T20:10:06","date_gmt":"2026-01-29T20:10:06","guid":{"rendered":"https:\/\/gullkaup.webdev.is\/?page_id=7"},"modified":"2026-04-28T13:31:22","modified_gmt":"2026-04-28T13:31:22","slug":"um-okkur","status":"publish","type":"page","link":"https:\/\/gullkaup.is\/en\/um-okkur\/","title":{"rendered":"Um Gullkaup"},"content":{"rendered":"<div data-elementor-type=\"wp-page\" data-elementor-id=\"7\" class=\"elementor elementor-7\" data-elementor-post-type=\"page\">\n\t\t\t\t<div class=\"elementor-element elementor-element-ce2a42d e-flex e-con-boxed e-con e-parent\" data-id=\"ce2a42d\" data-element_type=\"container\" data-e-type=\"container\" data-settings=\"{&quot;background_background&quot;:&quot;classic&quot;}\">\n\t\t\t\t\t<div class=\"e-con-inner\">\n\t\t<div class=\"elementor-element elementor-element-51d61c6e e-flex e-con-boxed e-con e-child\" data-id=\"51d61c6e\" data-element_type=\"container\" data-e-type=\"container\" data-settings=\"{&quot;background_background&quot;:&quot;classic&quot;}\">\n\t\t\t\t\t<div class=\"e-con-inner\">\n\t\t<div class=\"elementor-element elementor-element-6ab40bf0 e-con-full e-flex e-con e-child\" data-id=\"6ab40bf0\" data-element_type=\"container\" data-e-type=\"container\">\n\t\t\t\t<div class=\"elementor-element elementor-element-50b2421f elementor-widget elementor-widget-heading\" data-id=\"50b2421f\" data-element_type=\"widget\" data-e-type=\"widget\" data-widget_type=\"heading.default\">\n\t\t\t\t\t<h2 class=\"elementor-heading-title elementor-size-default\">Um Gullkaup<\/h2>\t\t\t\t<\/div>\n\t\t\t\t<div class=\"elementor-element elementor-element-2e9665e4 elementor-widget elementor-widget-text-editor\" data-id=\"2e9665e4\" data-element_type=\"widget\" data-e-type=\"widget\" data-widget_type=\"text-editor.default\">\n\t\t\t\t\t\t\t\t\t<p><strong>\u00de\u00edn lei\u00f0 a\u00f0 ver\u00f0m\u00e6tum e\u00f0alm\u00e1lmum.<\/strong><\/p><p style=\"font-weight: 400;\">Gullkaup var stofna\u00f0 2026 og var fyrsta \u00edslenska fyrirt\u00e6ki\u00f0 sem serh\u00e6fir sig \u00ed kaupum og s\u00f6lu \u00e1 e\u00f0alm\u00e1lmum \u00e1 netinu.<\/p><p>Markmi\u00f0 Gullkaups er a\u00f0 gera \u00fe\u00e9r kleift a\u00f0 n\u00e1lgast gull, silfur og plat\u00ednu me\u00f0 einf\u00f6ldum, \u00f6ruggum og faglegum h\u00e6tti.<\/p><p>Gullkaup b\u00fd\u00f0ur upp\u00e1 vandlega vali\u00f0 \u00farval e\u00f0alm\u00e1mla \u00ed mismunandi st\u00e6r\u00f0um sem hentar b\u00e6\u00f0i n\u00fdjum og reyndum fj\u00e1rfestum.<\/p><p>Allir e\u00f0alm\u00e1lmar sem vi\u00f0 bj\u00f3\u00f0um er a\u00f0 l\u00e1gmarki 99,5% hreint og kemur fr\u00e1 vi\u00f0urkenndum a\u00f0ilum \u00e1 al\u00fej\u00f3\u00f0armarka\u00f0i.<\/p><p style=\"font-weight: 400;\"><strong>Allir m\u00e1lmar eru geymdir \u00ed \u00f6ryggishverlfingum.<\/strong><\/p><p>______________________________<\/p><p><strong>Fj\u00e1rfesting me\u00f0 trausum grunni<\/strong><\/p><p style=\"font-weight: 400;\">E\u00f0alm\u00e1lmar hafa um \u00e1rabil veri\u00f0 hluti af traustri eignarst\u00fdringu. Me\u00f0 Gullkaup f\u00e6r\u00f0 \u00fe\u00fa a\u00f0gang a\u00f0 einfaldari og a\u00f0gengilegri lei\u00f0 til a\u00f0:<\/p><ul><li>Vernda eignir gegn sveiflum \u00e1 m\u00f6rku\u00f0um<\/li><li style=\"font-weight: 400;\">Dreifingu (diversification) \u00e1 eignasafni<\/li><li style=\"font-weight: 400;\">Fj\u00e1rfestingu til framt\u00ed\u00f0ar<\/li><li style=\"font-weight: 400;\">Til gamans vi\u00f0 a\u00f0 reyna a\u00f0 n\u00e1 skammt\u00edma\/mi\u00f0lungst\u00edma\/lengrit\u00edma \u00e1v\u00f6xtun<\/li><\/ul><p>___________________________<\/p><p><strong>\u00d6ruggt og gegns\u00e6tt ferli<\/strong><\/p><p>Hj\u00e1 Gullkaup er l\u00f6g\u00f0 r\u00edk \u00e1hersla \u00e1 \u00f6ryggi, gagns\u00e6i og \u00e1rei\u00f0anlega \u00fej\u00f3nustu \u00ed hverju skrefi:<\/p><ul><li>Allar v\u00f6rur eru til \u00e1 lager vi\u00f0 kaup<\/li><li>Vi\u00f0 bj\u00f3\u00f0um endurkaup \u00e1 \u00f6llum seldum v\u00f6rum<\/li><li>Vi\u00f0skipti fara fram me\u00f0 sk\u00fdrum og gagns\u00e6um h\u00e6tti<\/li><li>Vi\u00f0 tryggjum sanngjarnt ver\u00f0 byggt \u00e1 al\u00fej\u00f3\u00f0legum m\u00f6rku\u00f0um<\/li><li><strong>Allir e\u00f0alm\u00e1lmar eru geymdir \u00ed \u00f6ryggishvelfinum<\/strong><\/li><li><strong>Ekki h\u00e6gt a\u00f0 f\u00e1 sent\u00a0\u00a0<\/strong><\/li><\/ul><p style=\"font-weight: 400;\">______________________________<\/p><p style=\"font-weight: 400;\"><strong>Vi\u00f0skipti og skilm\u00e1lar<\/strong><\/p><p>Til a\u00f0 tryggja \u00f6ryggi og samr\u00e6mi vi\u00f0 reglur \u00fear a\u00f0 gera \u00e1rei\u00f0anleikak\u00f6nnun vi\u00f0 st\u00e6rri vi\u00f0skipti en nemur 10.000 EUR.\u00a0<\/p><p>____________________________<\/p><p><strong>Hafa samband<\/strong><\/p><p style=\"font-weight: 400;\">Allar frekari uppl\u00fdsingar um okkur og anna\u00f0 er h\u00e6gt a\u00f0 f\u00e1 \u00e1: <a href=\"mailto:gullkaup@gullkaup.is\">gullkaup@gullkaup.is<\/a><\/p>\t\t\t\t\t\t\t\t<\/div>\n\t\t\t\t<\/div>\n\t\t<div class=\"elementor-element elementor-element-10f2a035 e-con-full e-flex e-con e-child\" data-id=\"10f2a035\" data-element_type=\"container\" data-e-type=\"container\">\n\t\t\t\t<div class=\"elementor-element elementor-element-53ba21e6 elementor-widget elementor-widget-image\" data-id=\"53ba21e6\" data-element_type=\"widget\" data-e-type=\"widget\" data-widget_type=\"image.default\">\n\t\t\t\t\t\t\t\t\t\t\t\t\t\t\t<img fetchpriority=\"high\" decoding=\"async\" width=\"800\" height=\"800\" src=\"https:\/\/gullkaup.is\/wp-content\/uploads\/2026\/03\/ChatGPT-Image-Jan-17-2026-08_13_51-PM-1.png\" class=\"attachment-large size-large wp-image-840\" alt=\"\" srcset=\"https:\/\/gullkaup.is\/wp-content\/uploads\/2026\/03\/ChatGPT-Image-Jan-17-2026-08_13_51-PM-1.png 1024w, https:\/\/gullkaup.is\/wp-content\/uploads\/2026\/03\/ChatGPT-Image-Jan-17-2026-08_13_51-PM-1-300x300.png 300w, https:\/\/gullkaup.is\/wp-content\/uploads\/2026\/03\/ChatGPT-Image-Jan-17-2026-08_13_51-PM-1-150x150.png 150w, https:\/\/gullkaup.is\/wp-content\/uploads\/2026\/03\/ChatGPT-Image-Jan-17-2026-08_13_51-PM-1-768x768.png 768w, https:\/\/gullkaup.is\/wp-content\/uploads\/2026\/03\/ChatGPT-Image-Jan-17-2026-08_13_51-PM-1-12x12.png 12w, https:\/\/gullkaup.is\/wp-content\/uploads\/2026\/03\/ChatGPT-Image-Jan-17-2026-08_13_51-PM-1-600x600.png 600w, https:\/\/gullkaup.is\/wp-content\/uploads\/2026\/03\/ChatGPT-Image-Jan-17-2026-08_13_51-PM-1-100x100.png 100w\" sizes=\"(max-width: 800px) 100vw, 800px\" \/>\t\t\t\t\t\t\t\t\t\t\t\t\t\t\t<\/div>\n\t\t\t\t<\/div>\n\t\t\t\t\t<\/div>\n\t\t\t\t<\/div>\n\t\t\t\t\t<\/div>\n\t\t\t\t<\/div>\n\t\t\t\t<\/div>","protected":false},"excerpt":{"rendered":"<p>Um Gullkaup \u00de\u00edn lei\u00f0 a\u00f0 ver\u00f0m\u00e6tum e\u00f0alm\u00e1lmum. Gullkaup var stofna\u00f0 2026 og var fyrsta \u00edslenska fyrirt\u00e6ki\u00f0 sem serh\u00e6fir sig \u00ed kaupum og s\u00f6lu \u00e1 e\u00f0alm\u00e1lmum \u00e1 netinu. Markmi\u00f0 Gullkaups er a\u00f0 gera \u00fe\u00e9r kleift a\u00f0 n\u00e1lgast gull, silfur og plat\u00ednu me\u00f0 einf\u00f6ldum, \u00f6ruggum og faglegum h\u00e6tti. Gullkaup b\u00fd\u00f0ur upp\u00e1 vandlega vali\u00f0 \u00farval e\u00f0alm\u00e1mla \u00ed mismunandi [&hellip;]<\/p>\n","protected":false},"author":1,"featured_media":0,"parent":0,"menu_order":0,"comment_status":"closed","ping_status":"closed","template":"","meta":{"footnotes":""},"class_list":["post-7","page","type-page","status-publish","hentry"],"_links":{"self":[{"href":"https:\/\/gullkaup.is\/en\/wp-json\/wp\/v2\/pages\/7","targetHints":{"allow":["GET"]}}],"collection":[{"href":"https:\/\/gullkaup.is\/en\/wp-json\/wp\/v2\/pages"}],"about":[{"href":"https:\/\/gullkaup.is\/en\/wp-json\/wp\/v2\/types\/page"}],"author":[{"embeddable":true,"href":"https:\/\/gullkaup.is\/en\/wp-json\/wp\/v2\/users\/1"}],"replies":[{"embeddable":true,"href":"https:\/\/gullkaup.is\/en\/wp-json\/wp\/v2\/comments?post=7"}],"version-history":[{"count":56,"href":"https:\/\/gullkaup.is\/en\/wp-json\/wp\/v2\/pages\/7\/revisions"}],"predecessor-version":[{"id":1062,"href":"https:\/\/gullkaup.is\/en\/wp-json\/wp\/v2\/pages\/7\/revisions\/1062"}],"wp:attachment":[{"href":"https:\/\/gullkaup.is\/en\/wp-json\/wp\/v2\/media?parent=7"}],"curies":[{"name":"wp","href":"https:\/\/api.w.org\/{rel}","templated":true}]}}