{"id":438,"date":"2026-02-08T20:27:59","date_gmt":"2026-02-08T20:27:59","guid":{"rendered":"https:\/\/gullkaup.webdev.is\/?post_type=product&#038;p=438"},"modified":"2026-04-21T13:30:05","modified_gmt":"2026-04-21T13:30:05","slug":"gullstong-1-kg-fine-gold-999-9","status":"publish","type":"product","link":"https:\/\/gullkaup.is\/en\/product\/gullstong-1-kg-fine-gold-999-9\/","title":{"rendered":"Gull 1 kg."},"content":{"rendered":"<p>L\u00faxus 1 kg gullst\u00f6ng me\u00f0 spegilsl\u00e9ttu yfirbor\u00f0i. Fullkomin fyrir fj\u00e1rfesta og safnara.<\/p>","protected":false},"excerpt":{"rendered":"<p>Gull XAU, 99.9% hreinleiki, 1 kg.<\/p>","protected":false},"featured_media":450,"comment_status":"open","ping_status":"closed","template":"","meta":[],"product_brand":[],"product_cat":[20],"product_tag":[],"class_list":{"0":"post-438","1":"product","2":"type-product","3":"status-publish","4":"has-post-thumbnail","6":"product_cat-gull","8":"first","9":"instock","10":"shipping-taxable","11":"purchasable","12":"product-type-simple"},"_links":{"self":[{"href":"https:\/\/gullkaup.is\/en\/wp-json\/wp\/v2\/product\/438","targetHints":{"allow":["GET"]}}],"collection":[{"href":"https:\/\/gullkaup.is\/en\/wp-json\/wp\/v2\/product"}],"about":[{"href":"https:\/\/gullkaup.is\/en\/wp-json\/wp\/v2\/types\/product"}],"replies":[{"embeddable":true,"href":"https:\/\/gullkaup.is\/en\/wp-json\/wp\/v2\/comments?post=438"}],"wp:featuredmedia":[{"embeddable":true,"href":"https:\/\/gullkaup.is\/en\/wp-json\/wp\/v2\/media\/450"}],"wp:attachment":[{"href":"https:\/\/gullkaup.is\/en\/wp-json\/wp\/v2\/media?parent=438"}],"wp:term":[{"taxonomy":"product_brand","embeddable":true,"href":"https:\/\/gullkaup.is\/en\/wp-json\/wp\/v2\/product_brand?post=438"},{"taxonomy":"product_cat","embeddable":true,"href":"https:\/\/gullkaup.is\/en\/wp-json\/wp\/v2\/product_cat?post=438"},{"taxonomy":"product_tag","embeddable":true,"href":"https:\/\/gullkaup.is\/en\/wp-json\/wp\/v2\/product_tag?post=438"}],"curies":[{"name":"wp","href":"https:\/\/api.w.org\/{rel}","templated":true}]}}