{"id":447,"date":"2026-02-08T20:27:59","date_gmt":"2026-02-08T20:27:59","guid":{"rendered":"https:\/\/gullkaup.webdev.is\/?post_type=product&#038;p=447"},"modified":"2026-04-21T13:33:26","modified_gmt":"2026-04-21T13:33:26","slug":"platinustong-500-g-fine-platinum-999-5","status":"publish","type":"product","link":"https:\/\/gullkaup.is\/en\/product\/platinustong-500-g-fine-platinum-999-5\/","title":{"rendered":"Silfur 1 kg."},"content":{"rendered":"<p>Falleg og f\u00e1gu\u00f0 plat\u00ednust\u00f6ng, fullkomin fyrir fj\u00e1rfestingu.<\/p>","protected":false},"excerpt":{"rendered":"<p>Silfur AGX, 99.9% hreinleiki, 1 kg.<\/p>","protected":false},"featured_media":665,"comment_status":"open","ping_status":"closed","template":"","meta":[],"product_brand":[],"product_cat":[21],"product_tag":[],"class_list":{"0":"post-447","1":"product","2":"type-product","3":"status-publish","4":"has-post-thumbnail","6":"product_cat-silfur","8":"first","9":"instock","10":"shipping-taxable","11":"purchasable","12":"product-type-simple"},"_links":{"self":[{"href":"https:\/\/gullkaup.is\/en\/wp-json\/wp\/v2\/product\/447","targetHints":{"allow":["GET"]}}],"collection":[{"href":"https:\/\/gullkaup.is\/en\/wp-json\/wp\/v2\/product"}],"about":[{"href":"https:\/\/gullkaup.is\/en\/wp-json\/wp\/v2\/types\/product"}],"replies":[{"embeddable":true,"href":"https:\/\/gullkaup.is\/en\/wp-json\/wp\/v2\/comments?post=447"}],"wp:featuredmedia":[{"embeddable":true,"href":"https:\/\/gullkaup.is\/en\/wp-json\/wp\/v2\/media\/665"}],"wp:attachment":[{"href":"https:\/\/gullkaup.is\/en\/wp-json\/wp\/v2\/media?parent=447"}],"wp:term":[{"taxonomy":"product_brand","embeddable":true,"href":"https:\/\/gullkaup.is\/en\/wp-json\/wp\/v2\/product_brand?post=447"},{"taxonomy":"product_cat","embeddable":true,"href":"https:\/\/gullkaup.is\/en\/wp-json\/wp\/v2\/product_cat?post=447"},{"taxonomy":"product_tag","embeddable":true,"href":"https:\/\/gullkaup.is\/en\/wp-json\/wp\/v2\/product_tag?post=447"}],"curies":[{"name":"wp","href":"https:\/\/api.w.org\/{rel}","templated":true}]}}